{"id":8241,"date":"2026-04-20T23:58:48","date_gmt":"2026-04-20T21:58:48","guid":{"rendered":"https:\/\/makutano.cd\/?page_id=8241"},"modified":"2026-04-21T00:06:07","modified_gmt":"2026-04-20T22:06:07","slug":"podcast","status":"publish","type":"page","link":"https:\/\/www.makutano.cd\/en\/podcast\/","title":{"rendered":"Podcast"},"content":{"rendered":"<div data-elementor-type=\"wp-page\" data-elementor-id=\"8241\" class=\"elementor elementor-8241\" data-elementor-post-type=\"page\">\n\t\t\t\t\t\t<section class=\"elementor-section elementor-top-section elementor-element elementor-element-cee07da elementor-section-boxed elementor-section-height-default elementor-section-height-default elementor-invisible\" data-id=\"cee07da\" data-element_type=\"section\" data-e-type=\"section\" data-settings=\"{&quot;background_background&quot;:&quot;classic&quot;,&quot;animation&quot;:&quot;fadeIn&quot;}\">\n\t\t\t\t\t\t<div class=\"elementor-container elementor-column-gap-default\">\n\t\t\t\t\t<div class=\"elementor-column elementor-col-100 elementor-top-column elementor-element elementor-element-5e9e12a\" data-id=\"5e9e12a\" data-element_type=\"column\" data-e-type=\"column\" data-settings=\"{&quot;background_background&quot;:&quot;classic&quot;}\">\n\t\t\t<div class=\"elementor-widget-wrap elementor-element-populated\">\n\t\t\t\t\t\t<div class=\"elementor-element elementor-element-9b4c89a titre-2-puce-haut elementor-widget elementor-widget-heading\" data-id=\"9b4c89a\" data-element_type=\"widget\" data-e-type=\"widget\" data-settings=\"{&quot;_animation&quot;:&quot;none&quot;,&quot;_animation_tablet&quot;:&quot;fadeIn&quot;,&quot;_animation_mobile&quot;:&quot;fadeIn&quot;}\" data-widget_type=\"heading.default\">\n\t\t\t\t<div class=\"elementor-widget-container\">\n\t\t\t\t\t<h2 class=\"elementor-heading-title elementor-size-default\">Le Podcast Makutano Mining<\/h2>\t\t\t\t<\/div>\n\t\t\t\t<\/div>\n\t\t\t\t<div class=\"elementor-element elementor-element-0ca51fc elementor-invisible elementor-widget elementor-widget-heading\" data-id=\"0ca51fc\" data-element_type=\"widget\" data-e-type=\"widget\" data-settings=\"{&quot;_animation&quot;:&quot;fadeInDown&quot;}\" data-widget_type=\"heading.default\">\n\t\t\t\t<div class=\"elementor-widget-container\">\n\t\t\t\t\t<h4 class=\"elementor-heading-title elementor-size-default\">La Voix de la Transformation Industrielle<\/h4>\t\t\t\t<\/div>\n\t\t\t\t<\/div>\n\t\t\t\t<div class=\"elementor-element elementor-element-c60b821 elementor-widget-divider--view-line elementor-widget elementor-widget-divider\" data-id=\"c60b821\" data-element_type=\"widget\" data-e-type=\"widget\" data-widget_type=\"divider.default\">\n\t\t\t\t<div class=\"elementor-widget-container\">\n\t\t\t\t\t\t\t<div class=\"elementor-divider\">\n\t\t\t<span class=\"elementor-divider-separator\">\n\t\t\t\t\t\t<\/span>\n\t\t<\/div>\n\t\t\t\t\t\t<\/div>\n\t\t\t\t<\/div>\n\t\t\t\t\t<\/div>\n\t\t<\/div>\n\t\t\t\t\t<\/div>\n\t\t<\/section>\n\t\t\t\t<section class=\"elementor-section elementor-top-section elementor-element elementor-element-3df81eb elementor-section-boxed elementor-section-height-default elementor-section-height-default elementor-invisible\" data-id=\"3df81eb\" data-element_type=\"section\" data-e-type=\"section\" data-settings=\"{&quot;background_background&quot;:&quot;classic&quot;,&quot;animation&quot;:&quot;fadeIn&quot;}\">\n\t\t\t\t\t\t<div class=\"elementor-container elementor-column-gap-default\">\n\t\t\t\t\t<div class=\"elementor-column elementor-col-66 elementor-top-column elementor-element elementor-element-696f923\" data-id=\"696f923\" data-element_type=\"column\" data-e-type=\"column\">\n\t\t\t<div class=\"elementor-widget-wrap elementor-element-populated\">\n\t\t\t\t\t\t<div class=\"elementor-element elementor-element-d486fd2 elementor-widget__width-initial elementor-invisible elementor-widget elementor-widget-text-editor\" data-id=\"d486fd2\" data-element_type=\"widget\" data-e-type=\"widget\" data-settings=\"{&quot;_animation&quot;:&quot;fadeInUp&quot;,&quot;_animation_tablet&quot;:&quot;fadeIn&quot;,&quot;_animation_mobile&quot;:&quot;fadeIn&quot;}\" data-widget_type=\"text-editor.default\">\n\t\t\t\t<div class=\"elementor-widget-container\">\n\t\t\t\t\t\t\t\t\t<p><span data-path-to-node=\"13,2\"><span class=\"citation-51\">L&rsquo;enjeu n&rsquo;est plus uniquement la production, mais la captation de valeur<\/span><\/span><span data-path-to-node=\"13,4\">. Le podcast officiel du <strong>Makutano Mining<\/strong> prolonge le dialogue strat\u00e9gique au-del\u00e0 du sommet. <\/span><span data-path-to-node=\"13,6\"><span class=\"citation-50\">Nous donnons la parole \u00e0 ceux qui b\u00e2tissent la nouvelle \u00e9conomie \u00e9nerg\u00e9tique et inscrivent durablement Kinshasa dans l&rsquo;agenda \u00e9conomique mondial<\/span><\/span><span data-path-to-node=\"13,8\">.<\/span><\/p>\t\t\t\t\t\t\t\t<\/div>\n\t\t\t\t<\/div>\n\t\t\t\t<div class=\"elementor-element elementor-element-b41c739 titre-2-puce elementor-invisible elementor-widget elementor-widget-heading\" data-id=\"b41c739\" data-element_type=\"widget\" data-e-type=\"widget\" data-settings=\"{&quot;_animation&quot;:&quot;fadeInUp&quot;,&quot;_animation_tablet&quot;:&quot;fadeIn&quot;,&quot;_animation_mobile&quot;:&quot;fadeIn&quot;}\" data-widget_type=\"heading.default\">\n\t\t\t\t<div class=\"elementor-widget-container\">\n\t\t\t\t\t<h2 class=\"elementor-heading-title elementor-size-default\">Ce qui vous attend dans nos \u00e9pisodes<\/h2>\t\t\t\t<\/div>\n\t\t\t\t<\/div>\n\t\t\t\t<div class=\"elementor-element elementor-element-dfcf06a elementor-widget__width-initial elementor-invisible elementor-widget elementor-widget-text-editor\" data-id=\"dfcf06a\" data-element_type=\"widget\" data-e-type=\"widget\" data-settings=\"{&quot;_animation&quot;:&quot;fadeInUp&quot;,&quot;_animation_tablet&quot;:&quot;fadeIn&quot;,&quot;_animation_mobile&quot;:&quot;fadeIn&quot;}\" data-widget_type=\"text-editor.default\">\n\t\t\t\t<div class=\"elementor-widget-container\">\n\t\t\t\t\t\t\t\t\t<p>Plongez au c\u0153ur des axes strat\u00e9giques majeurs du secteur \u00e0 travers des formats immersifs et des entretiens exclusifs :<\/p>\t\t\t\t\t\t\t\t<\/div>\n\t\t\t\t<\/div>\n\t\t\t\t<div class=\"elementor-element elementor-element-c527ad1 elementor-icon-list--layout-traditional elementor-list-item-link-full_width elementor-widget elementor-widget-icon-list\" data-id=\"c527ad1\" data-element_type=\"widget\" data-e-type=\"widget\" data-widget_type=\"icon-list.default\">\n\t\t\t\t<div class=\"elementor-widget-container\">\n\t\t\t\t\t\t\t<ul class=\"elementor-icon-list-items\">\n\t\t\t\t\t\t\t<li class=\"elementor-icon-list-item\">\n\t\t\t\t\t\t\t\t\t\t\t<span class=\"elementor-icon-list-icon\">\n\t\t\t\t\t\t\t<svg xmlns=\"http:\/\/www.w3.org\/2000\/svg\" fill=\"#000000\" width=\"800px\" height=\"800px\" viewbox=\"0 0 24 24\" id=\"check-mark-square-2\" data-name=\"Line Color\" class=\"icon line-color\"><g id=\"SVGRepo_bgCarrier\" stroke-width=\"0\"><\/g><g id=\"SVGRepo_tracerCarrier\" stroke-linecap=\"round\" stroke-linejoin=\"round\"><\/g><g id=\"SVGRepo_iconCarrier\"><polyline id=\"secondary\" points=\"21 5 12 14 8 10\" style=\"fill: none; stroke: #EA4335; stroke-linecap: round; stroke-linejoin: round; stroke-width: 2;\"><\/polyline><path id=\"primary\" d=\"M21,11v9a1,1,0,0,1-1,1H4a1,1,0,0,1-1-1V4A1,1,0,0,1,4,3H16\" style=\"fill: none; stroke: #052093; stroke-linecap: round; stroke-linejoin: round; stroke-width: 2;\"><\/path><\/g><\/svg>\t\t\t\t\t\t<\/span>\n\t\t\t\t\t\t\t\t\t\t<span class=\"elementor-icon-list-text\">Interviews de Haut Niveau : \u00c9coutez les visions des chefs d'\u00c9tat, ministres, investisseurs et PDG de groupes miniers mondiaux.<\/span>\n\t\t\t\t\t\t\t\t\t<\/li>\n\t\t\t\t\t\t\t\t<li class=\"elementor-icon-list-item\">\n\t\t\t\t\t\t\t\t\t\t\t<span class=\"elementor-icon-list-icon\">\n\t\t\t\t\t\t\t<svg xmlns=\"http:\/\/www.w3.org\/2000\/svg\" fill=\"#000000\" width=\"800px\" height=\"800px\" viewbox=\"0 0 24 24\" id=\"check-mark-square-2\" data-name=\"Line Color\" class=\"icon line-color\"><g id=\"SVGRepo_bgCarrier\" stroke-width=\"0\"><\/g><g id=\"SVGRepo_tracerCarrier\" stroke-linecap=\"round\" stroke-linejoin=\"round\"><\/g><g id=\"SVGRepo_iconCarrier\"><polyline id=\"secondary\" points=\"21 5 12 14 8 10\" style=\"fill: none; stroke: #EA4335; stroke-linecap: round; stroke-linejoin: round; stroke-width: 2;\"><\/polyline><path id=\"primary\" d=\"M21,11v9a1,1,0,0,1-1,1H4a1,1,0,0,1-1-1V4A1,1,0,0,1,4,3H16\" style=\"fill: none; stroke: #052093; stroke-linecap: round; stroke-linejoin: round; stroke-width: 2;\"><\/path><\/g><\/svg>\t\t\t\t\t\t<\/span>\n\t\t\t\t\t\t\t\t\t\t<span class=\"elementor-icon-list-text\">Le Nexus \u00c9nergie-Mines : D\u00e9couvrez comment l'acc\u00e8s \u00e0 une \u00e9nergie fiable et comp\u00e9titive devient le levier central de l'industrialisation en RDC.<\/span>\n\t\t\t\t\t\t\t\t\t<\/li>\n\t\t\t\t\t\t\t\t<li class=\"elementor-icon-list-item\">\n\t\t\t\t\t\t\t\t\t\t\t<span class=\"elementor-icon-list-icon\">\n\t\t\t\t\t\t\t<svg xmlns=\"http:\/\/www.w3.org\/2000\/svg\" fill=\"#000000\" width=\"800px\" height=\"800px\" viewbox=\"0 0 24 24\" id=\"check-mark-square-2\" data-name=\"Line Color\" class=\"icon line-color\"><g id=\"SVGRepo_bgCarrier\" stroke-width=\"0\"><\/g><g id=\"SVGRepo_tracerCarrier\" stroke-linecap=\"round\" stroke-linejoin=\"round\"><\/g><g id=\"SVGRepo_iconCarrier\"><polyline id=\"secondary\" points=\"21 5 12 14 8 10\" style=\"fill: none; stroke: #EA4335; stroke-linecap: round; stroke-linejoin: round; stroke-width: 2;\"><\/polyline><path id=\"primary\" d=\"M21,11v9a1,1,0,0,1-1,1H4a1,1,0,0,1-1-1V4A1,1,0,0,1,4,3H16\" style=\"fill: none; stroke: #052093; stroke-linecap: round; stroke-linejoin: round; stroke-width: 2;\"><\/path><\/g><\/svg>\t\t\t\t\t\t<\/span>\n\t\t\t\t\t\t\t\t\t\t<span class=\"elementor-icon-list-text\">G\u00e9opolitique et Diplomatie : Analysez la strat\u00e9gie souveraine de la RDC dans la comp\u00e9tition mondiale pour les min\u00e9raux critiques.<\/span>\n\t\t\t\t\t\t\t\t\t<\/li>\n\t\t\t\t\t\t\t\t<li class=\"elementor-icon-list-item\">\n\t\t\t\t\t\t\t\t\t\t\t<span class=\"elementor-icon-list-icon\">\n\t\t\t\t\t\t\t<svg xmlns=\"http:\/\/www.w3.org\/2000\/svg\" fill=\"#000000\" width=\"800px\" height=\"800px\" viewbox=\"0 0 24 24\" id=\"check-mark-square-2\" data-name=\"Line Color\" class=\"icon line-color\"><g id=\"SVGRepo_bgCarrier\" stroke-width=\"0\"><\/g><g id=\"SVGRepo_tracerCarrier\" stroke-linecap=\"round\" stroke-linejoin=\"round\"><\/g><g id=\"SVGRepo_iconCarrier\"><polyline id=\"secondary\" points=\"21 5 12 14 8 10\" style=\"fill: none; stroke: #EA4335; stroke-linecap: round; stroke-linejoin: round; stroke-width: 2;\"><\/polyline><path id=\"primary\" d=\"M21,11v9a1,1,0,0,1-1,1H4a1,1,0,0,1-1-1V4A1,1,0,0,1,4,3H16\" style=\"fill: none; stroke: #052093; stroke-linecap: round; stroke-linejoin: round; stroke-width: 2;\"><\/path><\/g><\/svg>\t\t\t\t\t\t<\/span>\n\t\t\t\t\t\t\t\t\t\t<span class=\"elementor-icon-list-text\">Innovation et Technologie : Explorez comment l'intelligence artificielle et la digitalisation transforment la productivit\u00e9 et la tra\u00e7abilit\u00e9 des op\u00e9rations mini\u00e8res.<\/span>\n\t\t\t\t\t\t\t\t\t<\/li>\n\t\t\t\t\t\t<\/ul>\n\t\t\t\t\t\t<\/div>\n\t\t\t\t<\/div>\n\t\t\t\t\t<\/div>\n\t\t<\/div>\n\t\t\t\t<div class=\"elementor-column elementor-col-33 elementor-top-column elementor-element elementor-element-3942431 elementor-invisible\" data-id=\"3942431\" data-element_type=\"column\" data-e-type=\"column\" data-settings=\"{&quot;animation&quot;:&quot;fadeIn&quot;}\">\n\t\t\t<div class=\"elementor-widget-wrap elementor-element-populated\">\n\t\t\t\t\t\t<section class=\"elementor-section elementor-inner-section elementor-element elementor-element-6263776 elementor-section-boxed elementor-section-height-default elementor-section-height-default elementor-invisible\" data-id=\"6263776\" data-element_type=\"section\" data-e-type=\"section\" data-settings=\"{&quot;background_background&quot;:&quot;classic&quot;,&quot;animation&quot;:&quot;fadeIn&quot;,&quot;animation_tablet&quot;:&quot;fadeIn&quot;}\">\n\t\t\t\t\t\t<div class=\"elementor-container elementor-column-gap-default\">\n\t\t\t\t\t<div class=\"elementor-column elementor-col-100 elementor-inner-column elementor-element elementor-element-78de0f9\" data-id=\"78de0f9\" data-element_type=\"column\" data-e-type=\"column\" data-settings=\"{&quot;background_background&quot;:&quot;classic&quot;}\">\n\t\t\t<div class=\"elementor-widget-wrap elementor-element-populated\">\n\t\t\t\t\t\t<div class=\"elementor-element elementor-element-d163acc elementor-widget elementor-widget-image\" data-id=\"d163acc\" data-element_type=\"widget\" data-e-type=\"widget\" data-widget_type=\"image.default\">\n\t\t\t\t<div class=\"elementor-widget-container\">\n\t\t\t\t\t\t\t\t\t\t\t\t\t\t\t\t<a href=\"https:\/\/www.makutano.cd\/wp-content\/uploads\/2026\/04\/MR-CAG-0002_Makutano-Mining_Brochure_Generic_v10.pdf\" target=\"_blank\">\n\t\t\t\t\t\t\t<img fetchpriority=\"high\" decoding=\"async\" width=\"724\" height=\"1024\" src=\"https:\/\/www.makutano.cd\/wp-content\/uploads\/2026\/04\/1776556681785-b994350f-1d5d-4437-a23b-e1629d864a62_1.jpg\" class=\"attachment-full size-full wp-image-7983\" alt=\"\" srcset=\"https:\/\/www.makutano.cd\/wp-content\/uploads\/2026\/04\/1776556681785-b994350f-1d5d-4437-a23b-e1629d864a62_1.jpg 724w, https:\/\/www.makutano.cd\/wp-content\/uploads\/2026\/04\/1776556681785-b994350f-1d5d-4437-a23b-e1629d864a62_1-212x300.jpg 212w, https:\/\/www.makutano.cd\/wp-content\/uploads\/2026\/04\/1776556681785-b994350f-1d5d-4437-a23b-e1629d864a62_1-8x12.jpg 8w\" sizes=\"(max-width: 724px) 100vw, 724px\" \/>\t\t\t\t\t\t\t\t<\/a>\n\t\t\t\t\t\t\t\t\t\t\t\t\t\t\t<\/div>\n\t\t\t\t<\/div>\n\t\t\t\t<div class=\"elementor-element elementor-element-dc94025 elementor-search-form--skin-classic elementor-search-form--button-type-icon elementor-search-form--icon-search elementor-widget elementor-widget-search-form\" data-id=\"dc94025\" data-element_type=\"widget\" data-e-type=\"widget\" data-settings=\"{&quot;skin&quot;:&quot;classic&quot;}\" data-widget_type=\"search-form.default\">\n\t\t\t\t<div class=\"elementor-widget-container\">\n\t\t\t\t\t\t\t<search role=\"search\">\n\t\t\t<form class=\"elementor-search-form\" action=\"https:\/\/www.makutano.cd\/en\/\" method=\"get\" data-trp-original-action=\"https:\/\/www.makutano.cd\/en\">\n\t\t\t\t\t\t\t\t\t\t\t\t<div class=\"elementor-search-form__container\">\n\t\t\t\t\t<label class=\"elementor-screen-only\" for=\"elementor-search-form-dc94025\">Search<\/label>\n\n\t\t\t\t\t\n\t\t\t\t\t<input id=\"elementor-search-form-dc94025\" placeholder=\"Search...\" class=\"elementor-search-form__input\" type=\"search\" name=\"s\" value=\"\">\n\t\t\t\t\t\n\t\t\t\t\t\t\t\t\t\t\t<button class=\"elementor-search-form__submit\" type=\"submit\" aria-label=\"Search\">\n\t\t\t\t\t\t\t\t\t\t\t\t\t\t\t<i aria-hidden=\"true\" class=\"fas fa-search\"><\/i>\t\t\t\t\t\t\t\t\t\t\t\t\t<\/button>\n\t\t\t\t\t\n\t\t\t\t\t\t\t\t\t<\/div>\n\t\t\t<input type=\"hidden\" name=\"trp-form-language\" value=\"en\"\/><\/form>\n\t\t<\/search>\n\t\t\t\t\t\t<\/div>\n\t\t\t\t<\/div>\n\t\t\t\t\t<\/div>\n\t\t<\/div>\n\t\t\t\t\t<\/div>\n\t\t<\/section>\n\t\t\t\t\t<\/div>\n\t\t<\/div>\n\t\t\t\t\t<\/div>\n\t\t<\/section>\n\t\t\t\t<\/div>","protected":false},"excerpt":{"rendered":"<p>Le Podcast Makutano Mining La Voix de la Transformation Industrielle L&rsquo;enjeu n&rsquo;est plus uniquement la production, mais la captation de valeur. Le podcast officiel du Makutano Mining prolonge le dialogue strat\u00e9gique au-del\u00e0 du sommet. Nous donnons la parole \u00e0 ceux qui b\u00e2tissent la nouvelle \u00e9conomie \u00e9nerg\u00e9tique et inscrivent durablement Kinshasa dans l&rsquo;agenda \u00e9conomique mondial. Ce [&hellip;]<\/p>\n","protected":false},"author":3,"featured_media":0,"parent":0,"menu_order":0,"comment_status":"closed","ping_status":"closed","template":"elementor_header_footer","meta":{"inline_featured_image":false,"footnotes":""},"class_list":["post-8241","page","type-page","status-publish","hentry"],"yoast_head":"<!-- This site is optimized with the Yoast SEO plugin v27.6 - https:\/\/yoast.com\/product\/yoast-seo-wordpress\/ -->\n<title>Podcast - Makutano<\/title>\n<meta name=\"robots\" content=\"index, follow, max-snippet:-1, max-image-preview:large, max-video-preview:-1\" \/>\n<link rel=\"canonical\" href=\"https:\/\/www.makutano.cd\/en\/podcast\/\" \/>\n<meta property=\"og:locale\" content=\"en_US\" \/>\n<meta property=\"og:type\" content=\"article\" \/>\n<meta property=\"og:title\" content=\"Podcast - Makutano\" \/>\n<meta property=\"og:description\" content=\"Le Podcast Makutano Mining La Voix de la Transformation Industrielle L&rsquo;enjeu n&rsquo;est plus uniquement la production, mais la captation de valeur. Le podcast officiel du Makutano Mining prolonge le dialogue strat\u00e9gique au-del\u00e0 du sommet. Nous donnons la parole \u00e0 ceux qui b\u00e2tissent la nouvelle \u00e9conomie \u00e9nerg\u00e9tique et inscrivent durablement Kinshasa dans l&rsquo;agenda \u00e9conomique mondial. Ce [&hellip;]\" \/>\n<meta property=\"og:url\" content=\"https:\/\/www.makutano.cd\/en\/podcast\/\" \/>\n<meta property=\"og:site_name\" content=\"Makutano\" \/>\n<meta property=\"article:publisher\" content=\"https:\/\/facebook.com\/MakutanoNetwork\" \/>\n<meta property=\"article:modified_time\" content=\"2026-04-20T22:06:07+00:00\" \/>\n<meta property=\"og:image\" content=\"https:\/\/www.makutano.cd\/wp-content\/uploads\/2026\/04\/1776556681785-b994350f-1d5d-4437-a23b-e1629d864a62_1.jpg\" \/>\n\t<meta property=\"og:image:width\" content=\"724\" \/>\n\t<meta property=\"og:image:height\" content=\"1024\" \/>\n\t<meta property=\"og:image:type\" content=\"image\/jpeg\" \/>\n<meta name=\"twitter:card\" content=\"summary_large_image\" \/>\n<meta name=\"twitter:site\" content=\"@MakutanoForum\" \/>\n<meta name=\"twitter:label1\" content=\"Est. reading time\" \/>\n\t<meta name=\"twitter:data1\" content=\"1 minute\" \/>\n<script type=\"application\/ld+json\" class=\"yoast-schema-graph\">{\"@context\":\"https:\\\/\\\/schema.org\",\"@graph\":[{\"@type\":\"WebPage\",\"@id\":\"https:\\\/\\\/www.makutano.cd\\\/fr\\\/podcast\\\/\",\"url\":\"https:\\\/\\\/www.makutano.cd\\\/fr\\\/podcast\\\/\",\"name\":\"Podcast - Makutano\",\"isPartOf\":{\"@id\":\"https:\\\/\\\/www.makutano.cd\\\/fr\\\/#website\"},\"primaryImageOfPage\":{\"@id\":\"https:\\\/\\\/www.makutano.cd\\\/fr\\\/podcast\\\/#primaryimage\"},\"image\":{\"@id\":\"https:\\\/\\\/www.makutano.cd\\\/fr\\\/podcast\\\/#primaryimage\"},\"thumbnailUrl\":\"https:\\\/\\\/www.makutano.cd\\\/wp-content\\\/uploads\\\/2026\\\/04\\\/1776556681785-b994350f-1d5d-4437-a23b-e1629d864a62_1.jpg\",\"datePublished\":\"2026-04-20T21:58:48+00:00\",\"dateModified\":\"2026-04-20T22:06:07+00:00\",\"breadcrumb\":{\"@id\":\"https:\\\/\\\/www.makutano.cd\\\/fr\\\/podcast\\\/#breadcrumb\"},\"inLanguage\":\"en-US\",\"potentialAction\":[{\"@type\":\"ReadAction\",\"target\":[\"https:\\\/\\\/www.makutano.cd\\\/fr\\\/podcast\\\/\"]}]},{\"@type\":\"ImageObject\",\"inLanguage\":\"en-US\",\"@id\":\"https:\\\/\\\/www.makutano.cd\\\/fr\\\/podcast\\\/#primaryimage\",\"url\":\"https:\\\/\\\/www.makutano.cd\\\/wp-content\\\/uploads\\\/2026\\\/04\\\/1776556681785-b994350f-1d5d-4437-a23b-e1629d864a62_1.jpg\",\"contentUrl\":\"https:\\\/\\\/www.makutano.cd\\\/wp-content\\\/uploads\\\/2026\\\/04\\\/1776556681785-b994350f-1d5d-4437-a23b-e1629d864a62_1.jpg\"},{\"@type\":\"BreadcrumbList\",\"@id\":\"https:\\\/\\\/www.makutano.cd\\\/fr\\\/podcast\\\/#breadcrumb\",\"itemListElement\":[{\"@type\":\"ListItem\",\"position\":1,\"name\":\"Accueil\",\"item\":\"https:\\\/\\\/www.makutano.cd\\\/\"},{\"@type\":\"ListItem\",\"position\":2,\"name\":\"Podcast\"}]},{\"@type\":\"WebSite\",\"@id\":\"https:\\\/\\\/www.makutano.cd\\\/fr\\\/#website\",\"url\":\"https:\\\/\\\/www.makutano.cd\\\/fr\\\/\",\"name\":\"Makutano\",\"description\":\"If we don&#039;t, who will ?\",\"publisher\":{\"@id\":\"https:\\\/\\\/www.makutano.cd\\\/fr\\\/#organization\"},\"potentialAction\":[{\"@type\":\"SearchAction\",\"target\":{\"@type\":\"EntryPoint\",\"urlTemplate\":\"https:\\\/\\\/www.makutano.cd\\\/fr\\\/?s={search_term_string}\"},\"query-input\":{\"@type\":\"PropertyValueSpecification\",\"valueRequired\":true,\"valueName\":\"search_term_string\"}}],\"inLanguage\":\"en-US\"},{\"@type\":\"Organization\",\"@id\":\"https:\\\/\\\/www.makutano.cd\\\/fr\\\/#organization\",\"name\":\"Makutano\",\"url\":\"https:\\\/\\\/www.makutano.cd\\\/fr\\\/\",\"logo\":{\"@type\":\"ImageObject\",\"inLanguage\":\"en-US\",\"@id\":\"https:\\\/\\\/www.makutano.cd\\\/fr\\\/#\\\/schema\\\/logo\\\/image\\\/\",\"url\":\"https:\\\/\\\/www.makutano.cd\\\/wp-content\\\/uploads\\\/2020\\\/06\\\/Logo-Makutano-inblock.svg\",\"contentUrl\":\"https:\\\/\\\/www.makutano.cd\\\/wp-content\\\/uploads\\\/2020\\\/06\\\/Logo-Makutano-inblock.svg\",\"width\":293,\"height\":80,\"caption\":\"Makutano\"},\"image\":{\"@id\":\"https:\\\/\\\/www.makutano.cd\\\/fr\\\/#\\\/schema\\\/logo\\\/image\\\/\"},\"sameAs\":[\"https:\\\/\\\/facebook.com\\\/MakutanoNetwork\",\"https:\\\/\\\/x.com\\\/MakutanoForum\",\"https:\\\/\\\/www.linkedin.com\\\/in\\\/sultanimakutano\\\/\",\"https:\\\/\\\/www.instagram.com\\\/p\\\/B192OJ8nkVx\\\/\",\"https:\\\/\\\/www.youtube.com\\\/channel\\\/UCb_Won5SE0j8B2yMo0zigoQ\"]}]}<\/script>\n<!-- \/ Yoast SEO plugin. -->","yoast_head_json":{"title":"Podcast - Makutano","robots":{"index":"index","follow":"follow","max-snippet":"max-snippet:-1","max-image-preview":"max-image-preview:large","max-video-preview":"max-video-preview:-1"},"canonical":"https:\/\/www.makutano.cd\/en\/podcast\/","og_locale":"en_US","og_type":"article","og_title":"Podcast - Makutano","og_description":"Le Podcast Makutano Mining La Voix de la Transformation Industrielle L&rsquo;enjeu n&rsquo;est plus uniquement la production, mais la captation de valeur. Le podcast officiel du Makutano Mining prolonge le dialogue strat\u00e9gique au-del\u00e0 du sommet. Nous donnons la parole \u00e0 ceux qui b\u00e2tissent la nouvelle \u00e9conomie \u00e9nerg\u00e9tique et inscrivent durablement Kinshasa dans l&rsquo;agenda \u00e9conomique mondial. Ce [&hellip;]","og_url":"https:\/\/www.makutano.cd\/en\/podcast\/","og_site_name":"Makutano","article_publisher":"https:\/\/facebook.com\/MakutanoNetwork","article_modified_time":"2026-04-20T22:06:07+00:00","og_image":[{"width":724,"height":1024,"url":"https:\/\/www.makutano.cd\/wp-content\/uploads\/2026\/04\/1776556681785-b994350f-1d5d-4437-a23b-e1629d864a62_1.jpg","type":"image\/jpeg"}],"twitter_card":"summary_large_image","twitter_site":"@MakutanoForum","twitter_misc":{"Est. reading time":"1 minute"},"schema":{"@context":"https:\/\/schema.org","@graph":[{"@type":"WebPage","@id":"https:\/\/www.makutano.cd\/fr\/podcast\/","url":"https:\/\/www.makutano.cd\/fr\/podcast\/","name":"Podcast - Makutano","isPartOf":{"@id":"https:\/\/www.makutano.cd\/fr\/#website"},"primaryImageOfPage":{"@id":"https:\/\/www.makutano.cd\/fr\/podcast\/#primaryimage"},"image":{"@id":"https:\/\/www.makutano.cd\/fr\/podcast\/#primaryimage"},"thumbnailUrl":"https:\/\/www.makutano.cd\/wp-content\/uploads\/2026\/04\/1776556681785-b994350f-1d5d-4437-a23b-e1629d864a62_1.jpg","datePublished":"2026-04-20T21:58:48+00:00","dateModified":"2026-04-20T22:06:07+00:00","breadcrumb":{"@id":"https:\/\/www.makutano.cd\/fr\/podcast\/#breadcrumb"},"inLanguage":"en-US","potentialAction":[{"@type":"ReadAction","target":["https:\/\/www.makutano.cd\/fr\/podcast\/"]}]},{"@type":"ImageObject","inLanguage":"en-US","@id":"https:\/\/www.makutano.cd\/fr\/podcast\/#primaryimage","url":"https:\/\/www.makutano.cd\/wp-content\/uploads\/2026\/04\/1776556681785-b994350f-1d5d-4437-a23b-e1629d864a62_1.jpg","contentUrl":"https:\/\/www.makutano.cd\/wp-content\/uploads\/2026\/04\/1776556681785-b994350f-1d5d-4437-a23b-e1629d864a62_1.jpg"},{"@type":"BreadcrumbList","@id":"https:\/\/www.makutano.cd\/fr\/podcast\/#breadcrumb","itemListElement":[{"@type":"ListItem","position":1,"name":"Accueil","item":"https:\/\/www.makutano.cd\/"},{"@type":"ListItem","position":2,"name":"Podcast"}]},{"@type":"WebSite","@id":"https:\/\/www.makutano.cd\/fr\/#website","url":"https:\/\/www.makutano.cd\/fr\/","name":"Makutano","description":"If we don&#039;t, who will ?","publisher":{"@id":"https:\/\/www.makutano.cd\/fr\/#organization"},"potentialAction":[{"@type":"SearchAction","target":{"@type":"EntryPoint","urlTemplate":"https:\/\/www.makutano.cd\/fr\/?s={search_term_string}"},"query-input":{"@type":"PropertyValueSpecification","valueRequired":true,"valueName":"search_term_string"}}],"inLanguage":"en-US"},{"@type":"Organization","@id":"https:\/\/www.makutano.cd\/fr\/#organization","name":"Makutano","url":"https:\/\/www.makutano.cd\/fr\/","logo":{"@type":"ImageObject","inLanguage":"en-US","@id":"https:\/\/www.makutano.cd\/fr\/#\/schema\/logo\/image\/","url":"https:\/\/www.makutano.cd\/wp-content\/uploads\/2020\/06\/Logo-Makutano-inblock.svg","contentUrl":"https:\/\/www.makutano.cd\/wp-content\/uploads\/2020\/06\/Logo-Makutano-inblock.svg","width":293,"height":80,"caption":"Makutano"},"image":{"@id":"https:\/\/www.makutano.cd\/fr\/#\/schema\/logo\/image\/"},"sameAs":["https:\/\/facebook.com\/MakutanoNetwork","https:\/\/x.com\/MakutanoForum","https:\/\/www.linkedin.com\/in\/sultanimakutano\/","https:\/\/www.instagram.com\/p\/B192OJ8nkVx\/","https:\/\/www.youtube.com\/channel\/UCb_Won5SE0j8B2yMo0zigoQ"]}]}},"_links":{"self":[{"href":"https:\/\/www.makutano.cd\/en\/wp-json\/wp\/v2\/pages\/8241","targetHints":{"allow":["GET"]}}],"collection":[{"href":"https:\/\/www.makutano.cd\/en\/wp-json\/wp\/v2\/pages"}],"about":[{"href":"https:\/\/www.makutano.cd\/en\/wp-json\/wp\/v2\/types\/page"}],"author":[{"embeddable":true,"href":"https:\/\/www.makutano.cd\/en\/wp-json\/wp\/v2\/users\/3"}],"replies":[{"embeddable":true,"href":"https:\/\/www.makutano.cd\/en\/wp-json\/wp\/v2\/comments?post=8241"}],"version-history":[{"count":4,"href":"https:\/\/www.makutano.cd\/en\/wp-json\/wp\/v2\/pages\/8241\/revisions"}],"predecessor-version":[{"id":8246,"href":"https:\/\/www.makutano.cd\/en\/wp-json\/wp\/v2\/pages\/8241\/revisions\/8246"}],"wp:attachment":[{"href":"https:\/\/www.makutano.cd\/en\/wp-json\/wp\/v2\/media?parent=8241"}],"curies":[{"name":"wp","href":"https:\/\/api.w.org\/{rel}","templated":true}]}}